{"id":124,"date":"2015-01-09T15:44:01","date_gmt":"2015-01-09T13:44:01","guid":{"rendered":"http:\/\/www.psychologyhelsinki.fi\/?page_id=124"},"modified":"2024-05-04T13:23:32","modified_gmt":"2024-05-04T10:23:32","slug":"dienstleistungen","status":"publish","type":"page","link":"https:\/\/www.psychologyhelsinki.fi\/de\/dienstleistungen\/","title":{"rendered":"Dienstleistungen"},"content":{"rendered":"<p>Ich biete die folgenden psychologischen Dienstleistungen an, die darauf abzielen, Ihr Wohlbefinden, Ihren Erfolg und Ihre Lebenszufriedenheit zu steigern:<\/p>\n<ul>\n<li><strong>Therapie und Beratung f\u00fcr Einzelpersonen und Paare, die mit Problemen wie diesen konfrontiert sind:<\/strong>\n<ul>\n<li>Pers\u00f6nliche Krisen, die u. a. durch gr\u00f6\u00dfere Ver\u00e4nderungen im Leben entstehen<\/li>\n<li>Zwischenmenschliche Schwierigkeiten<\/li>\n<li>Schwierigkeiten, die Richtung und den Fokus zu finden<\/li>\n<li>Anpassungsprobleme wie der Umzug in eine neue Umgebung<\/li>\n<li>Wunsch nach pers\u00f6nlicher Entwicklung und einem erf\u00fcllteren Leben<\/li>\n<\/ul>\n<\/li>\n<li><strong>Therapie f\u00fcr:<\/strong>\n<ul>\n<li>Depression<\/li>\n<li>Angstst\u00f6rungen<\/li>\n<li>Posttraumatische Belastungsst\u00f6rung<\/li>\n<li>Pers\u00f6nlichkeitsst\u00f6rungen<\/li>\n<li>Anorexia nervosa und Bulimie<\/li>\n<li>Somatoforme St\u00f6rungen<\/li>\n<\/ul>\n<\/li>\n<li><strong>Teambetreuung und Workshops:<\/strong>\n<ul>\n<li>Verbesserung des psychischen Wohlbefindens, der Arbeitszufriedenheit und der Motivation von Arbeitsteams<\/li>\n<li>Tanz- und Ausdruckstherapie<\/li>\n<li>Trauma-Beratung und -Therapie<\/li>\n<li>Arbeiten in einem multikulturellen Umfeld<\/li>\n<\/ul>\n<\/li>\n<\/ul>\n<p>In meinen Workshops f\u00fcr Integrierte Tanz- und Ausdruckstherapie <strong>(<\/strong>IDET) stehen Ausdruck durch Bewegung, K\u00f6rperbewusstsein und der Akt des Schaffens im Mittelpunkt.\u00a0 K\u00f6rperliche Bewegung wirkt einem Gef\u00fchl der L\u00e4hmung entgegen. Die Bewegung erm\u00f6glicht, dass wir auflockern und kognitiv sowie emotional flexibler werden. Der Ansatz und die Methodik f\u00f6rdern die Kreativit\u00e4t und erm\u00f6glichen es, Freude zu erleben.\u00a0 Sie bieten die M\u00f6glichkeit, sich in einer nicht bedrohlichen T\u00e4tigkeit zu engagieren und mit anderen Menschen in einer neuen und potenziell befreienden Weise zu interagieren.<\/p>\n<p>IDET beinhaltet weder das Tanzen nach bestimmten Schritten noch irgendwelche Anforderungen an das t\u00e4nzerische K\u00f6nnen. Es geht um Bewegung und darum, Gef\u00fchle und Erfahrungen auszudr\u00fccken und zu erforschen.<\/p>\n<p><strong>Preise<\/strong><\/p>\n<ul>\n<li>Einzelsitzungen &#8211; 85 \u20ac pro 50 Minuten<\/li>\n<li>Beratung f\u00fcr Paare &#8211; 150 \u20ac pro 90 Minuten<\/li>\n<li>Tanz- und Ausdruckstherapiegruppe &#8211; Kosten werden von den Teilnehmern geteilt, im Durchschnitt 60 \u20ac pro 120 Minuten<\/li>\n<li>Schulungen und Workshops f\u00fcr Teams und Organisationen &#8211; 1200 \u20ac pro 3 Stunden, 1800 \u20ac pro Tag<\/li>\n<\/ul>\n","protected":false},"excerpt":{"rendered":"<p>Ich biete die folgenden psychologischen Dienstleistungen an, die darauf abzielen, Ihr Wohlbefinden, Ihren Erfolg und Ihre Lebenszufriedenheit zu steigern: Therapie und Beratung f\u00fcr Einzelpersonen und Paare, die mit Problemen wie diesen konfrontiert sind: Pers\u00f6nliche Krisen, die u. a. durch gr\u00f6\u00dfere Ver\u00e4nderungen im Leben entstehen Zwischenmenschliche Schwierigkeiten [&hellip;]<\/p>\n","protected":false},"author":2,"featured_media":36,"parent":0,"menu_order":0,"comment_status":"open","ping_status":"open","template":"","meta":{"_exactmetrics_skip_tracking":false,"_exactmetrics_sitenote_active":false,"_exactmetrics_sitenote_note":"","_exactmetrics_sitenote_category":0,"_monsterinsights_skip_tracking":false,"_monsterinsights_sitenote_active":false,"_monsterinsights_sitenote_note":"","_monsterinsights_sitenote_category":0},"aioseo_notices":[],"_links":{"self":[{"href":"https:\/\/www.psychologyhelsinki.fi\/de\/wp-json\/wp\/v2\/pages\/124"}],"collection":[{"href":"https:\/\/www.psychologyhelsinki.fi\/de\/wp-json\/wp\/v2\/pages"}],"about":[{"href":"https:\/\/www.psychologyhelsinki.fi\/de\/wp-json\/wp\/v2\/types\/page"}],"author":[{"embeddable":true,"href":"https:\/\/www.psychologyhelsinki.fi\/de\/wp-json\/wp\/v2\/users\/2"}],"replies":[{"embeddable":true,"href":"https:\/\/www.psychologyhelsinki.fi\/de\/wp-json\/wp\/v2\/comments?post=124"}],"version-history":[{"count":5,"href":"https:\/\/www.psychologyhelsinki.fi\/de\/wp-json\/wp\/v2\/pages\/124\/revisions"}],"predecessor-version":[{"id":397,"href":"https:\/\/www.psychologyhelsinki.fi\/de\/wp-json\/wp\/v2\/pages\/124\/revisions\/397"}],"wp:featuredmedia":[{"embeddable":true,"href":"https:\/\/www.psychologyhelsinki.fi\/de\/wp-json\/wp\/v2\/media\/36"}],"wp:attachment":[{"href":"https:\/\/www.psychologyhelsinki.fi\/de\/wp-json\/wp\/v2\/media?parent=124"}],"curies":[{"name":"wp","href":"https:\/\/api.w.org\/{rel}","templated":true}]}}